{"id":2,"date":"2023-01-13T13:04:23","date_gmt":"2023-01-13T12:04:23","guid":{"rendered":"https:\/\/profine-energia.es\/?page_id=2"},"modified":"2023-03-03T12:27:06","modified_gmt":"2023-03-03T11:27:06","slug":"impressum","status":"publish","type":"page","link":"https:\/\/profine.energy\/en\/impressum\/","title":{"rendered":"Imprint"},"content":{"rendered":"<p><strong>Profine Energy GmbH<\/strong><br \/>\nSchwetzinger Stra\u00dfe 22-26<br \/>\n68753 Wagh\u00e4usel<br \/>\nVertreten durch die Gesch\u00e4ftsf\u00fchrer: Dr. Peter Mrosik, Markus Wirth<\/p>\n<p>Telefon: <a href=\"tel:#\">+49 (0) 7254 \/ 71088- 90<\/a><br \/>\nE-Mail: <a href=\"mailto:info@profine.energy\">info(at)profine.energy<\/a><\/p>\n<p><strong>Handelsregistereintrag:<\/strong><br \/>\nAmtsgericht Mannheim HRB 743952<\/p>\n<p><strong>Verantwortlich f\u00fcr den Inhalt nach \u00a7 55 Abs. 2 RStV:<br \/>\n<\/strong>Profine Energy GmbH<br \/>\nMarkus Wirth<br \/>\nSchwetzinger Stra\u00dfe 22-26<br \/>\n68753 Wagh\u00e4usel<\/p>\n<p><strong>Hinweis zum Schutz Ihrer Daten<br \/>\n<\/strong>Mit diesen Hinweisen informieren wir Sie \u00fcber die Verarbeitung Ihrer personenbezogenen Daten durch die Profine Energy GmbH und die Ihnen nach dem neuen Datenschutzrecht zustehenden Rechte.<\/p>\n<p><strong>Haftungsausschluss<br \/>\n<\/strong>Obwohl bei der Zusammenstellung der auf unseren Webseiten enthaltenen Informationen und Programme gr\u00f6\u00dfte Sorgfalt angewandt wurde, kann die Profine Energy GmbH nicht f\u00fcr deren Korrektheit garantieren. Die enthaltenen Angaben k\u00f6nnen ohne vorherige Ank\u00fcndigung ge\u00e4ndert werden. Die Profine Energy GmbH geht damit keinerlei Verpflichtungen ein. In keinem Fall kann die Profine Energy GmbH f\u00fcr etwaige Sch\u00e4den irgendwelcher Art verantwortlich gemacht werden, die durch die Benutzung oder im Zusammenhang mit der Benutzung der hier bereitgestellten Informationen entstehen, seien es direkte oder indirekte Sch\u00e4den, Folgesch\u00e4den oder Sondersch\u00e4den einschlie\u00dflich entgangenen Gewinns, oder Sch\u00e4den, die aus dem Verlust von Daten entstehen. Wir behalten uns \u00c4nderungen der Informationen auf diesem Server, die wir unverbindlich zur Verf\u00fcgung stellen, ohne vorherige Ank\u00fcndigung vor.<\/p>\n<p><strong>Haftung f\u00fcr Inhalte<br \/>\n<\/strong>Als Dienstanbieter sind wir gem\u00e4\u00df \u00a7 7 Abs.1 TMG f\u00fcr eigene Inhalte auf diesen Seiten nach den allgemeinen Gesetzen verantwortlich. Nach \u00a7\u00a7 8 bis 10 TMG sind wir als Dienstanbieter jedoch nicht verpflichtet, \u00fcbermittelte oder gespeicherte fremde Informationen zu \u00fcberwachen oder nach Umst\u00e4nden zu forschen, die auf eine rechtswidrige T\u00e4tigkeit hinweisen.<\/p>\n<p>Verpflichtungen zur Entfernung oder Sperrung der Nutzung von Informationen nach den allgemeinen Gesetzen bleiben hiervon unber\u00fchrt. Eine diesbez\u00fcgliche Haftung ist jedoch erst ab dem Zeitpunkt der Kenntnis einer konkreten Rechtsverletzung m\u00f6glich. Bei Bekanntwerden von entsprechenden Rechtsverletzungen werden wir diese Inhalte umgehend entfernen.<\/p>\n<p><strong>Haftung f\u00fcr Links<br \/>\n<\/strong>Unser Angebot enth\u00e4lt Links zu externen Webseiten Dritter, auf deren Inhalte wir keinen Einfluss haben. Deshalb k\u00f6nnen wir f\u00fcr diese fremden Inhalte auch keine Gew\u00e4hr \u00fcbernehmen. F\u00fcr die Inhalte der verlinkten Seiten ist stets der jeweilige Anbieter oder Betreiber der Seiten verantwortlich. Die verlinkten Seiten wurden zum Zeitpunkt der Verlinkung auf m\u00f6gliche Rechtsverst\u00f6\u00dfe \u00fcberpr\u00fcft. Rechtswidrige Inhalte waren zum Zeitpunkt der Verlinkung nicht erkennbar.<\/p>\n<p>Eine permanente inhaltliche Kontrolle der verlinkten Seiten ist jedoch ohne konkrete Anhaltspunkte einer Rechtsverletzung nicht zumutbar. Bei Bekanntwerden von Rechtsverletzungen werden wir derartige Links umgehend entfernen. Bitte beachten Sie die Datenschutzerkl\u00e4rungen der Dritten, auf deren Seite der Link erfolgt.<\/p>\n<p><strong>Urheberrecht<br \/>\n<\/strong>Die durch die Seitenbetreiber erstellten Inhalte, Werke und bereitgestellten Informationen auf diesen Seiten unterliegen dem deutschen Urheberrecht und Leistungsschutzrecht. Die Vervielf\u00e4ltigung, Bearbeitung, Verbreitung und jede Art der Verwertung au\u00dferhalb der Grenzen des Urheberrechtes bed\u00fcrfen der schriftlichen Zustimmung des jeweiligen Rechteinhabers. Das unerlaubte Kopieren\/Speichern der bereitgestellten Informationen auf diesen Webseiten ist nicht gestattet und strafbar.<\/p>\n<p>Downloads und Kopien dieser Seite sind nur f\u00fcr den privaten, nicht kommerziellen Gebrauch gestattet.<\/p>\n<p>Soweit die Inhalte auf dieser Seite nicht vom Betreiber erstellt wurden, werden die Urheberrechte Dritter beachtet. Insbesondere werden Inhalte Dritter als solche gekennzeichnet. Sollten Sie trotzdem auf eine Urheberrechtsverletzung aufmerksam werden, bitten wir um einen entsprechenden Hinweis. Bei Bekanntwerden von Rechtsverletzungen werden wir derartige Inhalte umgehend entfernen.<\/p>","protected":false},"excerpt":{"rendered":"<p>Profine Energy GmbH Schwetzinger Stra\u00dfe 22-26 68753 Wagh\u00e4usel Vertreten durch [&hellip;]<\/p>","protected":false},"author":1,"featured_media":0,"parent":0,"menu_order":0,"comment_status":"closed","ping_status":"closed","template":"","meta":{"inline_featured_image":false,"footnotes":""},"class_list":["post-2","page","type-page","status-publish","hentry"],"_links":{"self":[{"href":"https:\/\/profine.energy\/en\/wp-json\/wp\/v2\/pages\/2"}],"collection":[{"href":"https:\/\/profine.energy\/en\/wp-json\/wp\/v2\/pages"}],"about":[{"href":"https:\/\/profine.energy\/en\/wp-json\/wp\/v2\/types\/page"}],"author":[{"embeddable":true,"href":"https:\/\/profine.energy\/en\/wp-json\/wp\/v2\/users\/1"}],"replies":[{"embeddable":true,"href":"https:\/\/profine.energy\/en\/wp-json\/wp\/v2\/comments?post=2"}],"version-history":[{"count":6,"href":"https:\/\/profine.energy\/en\/wp-json\/wp\/v2\/pages\/2\/revisions"}],"predecessor-version":[{"id":2740,"href":"https:\/\/profine.energy\/en\/wp-json\/wp\/v2\/pages\/2\/revisions\/2740"}],"wp:attachment":[{"href":"https:\/\/profine.energy\/en\/wp-json\/wp\/v2\/media?parent=2"}],"curies":[{"name":"wp","href":"https:\/\/api.w.org\/{rel}","templated":true}]}}